{"id":1535,"date":"2017-02-10T09:26:18","date_gmt":"2017-02-10T09:26:18","guid":{"rendered":"http:\/\/consult.loc\/?page_id=1535"},"modified":"2025-01-09T08:05:00","modified_gmt":"2025-01-09T08:05:00","slug":"portofoliu-proiecte-vip-consulting-srl-studii-de-caz-si-succes","status":"publish","type":"page","link":"https:\/\/vipconsulting.ro\/en\/portofoliu-proiecte-vip-consulting-srl-studii-de-caz-si-succes\/","title":{"rendered":"Portfolio"},"content":{"rendered":"<div data-elementor-type=\"wp-page\" data-elementor-id=\"1535\" class=\"elementor elementor-1535\">\n\t\t\t\t\t\t<section class=\"elementor-section elementor-top-section elementor-element elementor-element-79bf253 elementor-section-boxed elementor-section-height-default elementor-section-height-default\" data-id=\"79bf253\" data-element_type=\"section\" data-settings=\"{&quot;background_background&quot;:&quot;classic&quot;}\">\n\t\t\t\t\t\t<div class=\"elementor-container elementor-column-gap-default\">\n\t\t\t\t\t<div class=\"elementor-column elementor-col-100 elementor-top-column elementor-element elementor-element-79bf973\" data-id=\"79bf973\" data-element_type=\"column\">\n\t\t\t<div class=\"elementor-widget-wrap elementor-element-populated\">\n\t\t\t\t\t\t<div class=\"elementor-element elementor-element-79bff85 elementor-widget elementor-widget-stm_portfolio\" data-id=\"79bff85\" data-element_type=\"widget\" data-widget_type=\"stm_portfolio.default\">\n\t\t\t\t<div class=\"elementor-widget-container\">\n\t\t\t\t\t\n<div class=\"portfolio_box consulting_elementor_portfolio style_3\">\n        <div class=\"stm_portfolio_grid consulting_elementor_portfolio style_3\">\n                    \n<div class=\"item all\">\n            <a href=\"https:\/\/vipconsulting.ro\/en\/portfolio\/vanzarea-proiectului-fotovoltaic-nanov-energy-cu-o-capacitate-instalata-in-panouri-fotovoltaice-de-231-mw-pe-o-suprafata-de-2475-ha\/\">\n            <span class=\"item_thumbnail has-thumbnail\">\n                        <img fetchpriority=\"high\" decoding=\"async\" width=\"900\" height=\"640\" src=\"https:\/\/vipconsulting.ro\/wp-content\/uploads\/2025\/01\/pexels-pixabay-356036-1-900x640.jpg\" class=\"attachment-consulting-image-900x640-croped\" alt=\"\" title=\"pexels-pixabay-356036 1\" srcset=\"https:\/\/vipconsulting.ro\/wp-content\/uploads\/2025\/01\/pexels-pixabay-356036-1-900x640.jpg 900w, https:\/\/vipconsulting.ro\/wp-content\/uploads\/2025\/01\/pexels-pixabay-356036-1-18x12.jpg 18w, https:\/\/vipconsulting.ro\/wp-content\/uploads\/2025\/01\/pexels-pixabay-356036-1-350x250.jpg 350w, https:\/\/vipconsulting.ro\/wp-content\/uploads\/2025\/01\/pexels-pixabay-356036-1-255x182.jpg 255w\" sizes=\"(max-width: 900px) 100vw, 900px\" \/>            <\/span>\n            <span class=\"bottom-box\">\n                <span class=\"portfolio-title stm_base_text_color\">Sale of the Photovoltaic Project \"Nanov Energy\" - with a capacity installed in photovoltaic panels of 23.1 Mw on an area of \u200b\u200b24.75 ha.<\/span>\n                            <\/span>\n        <\/a>\n    <\/div>                    \n<div class=\"item all\">\n            <a href=\"https:\/\/vipconsulting.ro\/en\/portfolio\/vanzarea-proiectului-imobiliar-panduri-residence-imobil-cu-o-suprafata-desfasurate-de-6-500-mp-96-apartamente\/\">\n            <span class=\"item_thumbnail has-thumbnail\">\n                        <img decoding=\"async\" width=\"900\" height=\"629\" src=\"https:\/\/vipconsulting.ro\/wp-content\/uploads\/2025\/01\/Picture2-900x629.jpg\" class=\"attachment-consulting-image-900x640-croped\" alt=\"\" title=\"Picture2\" srcset=\"https:\/\/vipconsulting.ro\/wp-content\/uploads\/2025\/01\/Picture2-900x629.jpg 900w, https:\/\/vipconsulting.ro\/wp-content\/uploads\/2025\/01\/Picture2-18x12.jpg 18w, https:\/\/vipconsulting.ro\/wp-content\/uploads\/2025\/01\/Picture2-358x250.jpg 358w\" sizes=\"(max-width: 900px) 100vw, 900px\" \/>            <\/span>\n            <span class=\"bottom-box\">\n                <span class=\"portfolio-title stm_base_text_color\">Sale of the real estate project \"Panduri Residence\" - building with an area of \u200b\u200b6,500 sqm, 96 apartments.<\/span>\n                            <\/span>\n        <\/a>\n    <\/div>                    \n<div class=\"item all\">\n            <a href=\"https:\/\/vipconsulting.ro\/en\/portfolio\/vanzarea-proiectul-imobiliar-da-vinci-residence-ansamblu-de-3-imobile-dp10-etaje-cu-o-suprafata-desfasurate-de-40-000-mp-dispunand-de-360-apartamente\/\">\n            <span class=\"item_thumbnail has-thumbnail\">\n                        <img decoding=\"async\" width=\"900\" height=\"640\" src=\"https:\/\/vipconsulting.ro\/wp-content\/uploads\/2025\/01\/29.05.2018_Photo-1-900x640.jpg\" class=\"attachment-consulting-image-900x640-croped\" alt=\"\" title=\"29.05.2018_Photo - 1\" srcset=\"https:\/\/vipconsulting.ro\/wp-content\/uploads\/2025\/01\/29.05.2018_Photo-1-900x640.jpg 900w, https:\/\/vipconsulting.ro\/wp-content\/uploads\/2025\/01\/29.05.2018_Photo-1-350x250.jpg 350w, https:\/\/vipconsulting.ro\/wp-content\/uploads\/2025\/01\/29.05.2018_Photo-1-255x182.jpg 255w\" sizes=\"(max-width: 900px) 100vw, 900px\" \/>            <\/span>\n            <span class=\"bottom-box\">\n                <span class=\"portfolio-title stm_base_text_color\">The sale of the \"Da Vinci Residence\" real estate project - a complex of 3 buildings D+F+10 floors with a built-up area of \u200b\u200b40,000 sqm, with 360 apartments.<\/span>\n                            <\/span>\n        <\/a>\n    <\/div>                    <\/div>\n                <\/div>\n<script type=\"text\/javascript\">\n    jQuery(document).ready(function ($) {\n        var $container = $(\".stm_portfolio_grid\");\n        var originLeft = true;\n        if ($(\"body\").hasClass(\"rtl\")) {\n            originLeft = false;\n        }\n        $container.isotope({\n            layoutMode: \"packery\",\n            itemSelector: \".item\",\n            transitionDuration: \"0.7s\",\n            gutter: 10,\n            isOriginLeft: originLeft,\n                    });\n        $container.imagesLoaded().progress(function () {\n            $container.isotope(\"layout\");\n        });\n        $container.isotope(\"layout\");\n\n        $(document).on(\"click\", \".portfolio_load_more_btn\", function (e) {\n            e.preventDefault();\n            var page = $(this).attr(\"data-page\");\n            var load_by = $(this).attr(\"data-load\");\n            var category = $(this).attr('data-category');\n            var style = $(this).attr('data-style');\n            $.ajax({\n                url: ajaxurl,\n                type: \"POST\",\n                dataType: \"json\",\n                data: \"&page=\" + page + \"&load_by=\" + load_by + \"&category=\" + category + \"&style=\" + style + \"&action=stm_ajax_load_portfolio&security=\" + stm_ajax_load_portfolio,\n                context: this,\n                beforeSend: function (data) {\n                    $(this).parent().addClass(\"portfolio_posts_loading\");\n                },\n                success: function (data) {\n                    $(this).parent().removeClass(\"portfolio_posts_loading\");\n                    if (data.html) {\n                        var $items = $(data.html);\n                        $(\".stm_portfolio_grid\").append($items).isotope(\"appended\", $items, false);\n                        stm_sort_portfolio();\n                    }\n                    $(this).attr(\"data-page\", data.new_page);\n                    if (!data.load_more) {\n                        $(this).remove();\n                        $(\".portfolio_btn_box\").remove();\n                    }\n                }\n            });\n        });\n\n        function stm_sort_portfolio() {\n            \/\/ Init Isotope\n            if ($(\".stm_portfolio\").length) {\n                $(\".stm_portfolio\").isotope({\n                    itemSelector: \".item\",\n                    layoutMode: \"packery\"\n                });\n            }\n        }\n        if($container.closest('.vc_tta').length > 0){\n            $('.vc_tta-tab > a').on('click', function () {\n                setTimeout(function () {\n                    $container.isotope(\"layout\");\n                    stm_sort_portfolio();\n                }, 300);\n            })\n        }\n\n        $('.portfolio_box .category_filter a').on('click', function () {\n            var i = 0;\n            $(this).closest('ul').find('li.active').removeClass('active');\n            $(this).parent().addClass('active');\n            var sort = $(this).attr('href');\n            sort = sort.substring(1);\n                        $container.isotope({\n                filter: '.' + sort\n            });\n                        return false;\n        });\n    });\n<\/script>\t\t\t\t<\/div>\n\t\t\t\t<\/div>\n\t\t\t\t\t<\/div>\n\t\t<\/div>\n\t\t\t\t\t<\/div>\n\t\t<\/section>\n\t\t\t\t<section class=\"elementor-section elementor-top-section elementor-element elementor-element-79c0103 third_bg_color elementor-section-boxed elementor-section-height-default elementor-section-height-default\" data-id=\"79c0103\" data-element_type=\"section\" data-settings=\"{&quot;background_background&quot;:&quot;classic&quot;}\">\n\t\t\t\t\t\t<div class=\"elementor-container elementor-column-gap-default\">\n\t\t\t\t\t<div class=\"elementor-column elementor-col-100 elementor-top-column elementor-element elementor-element-79c09b3\" data-id=\"79c09b3\" data-element_type=\"column\">\n\t\t\t<div class=\"elementor-widget-wrap elementor-element-populated\">\n\t\t\t\t\t\t<div class=\"elementor-element elementor-element-79c0e26 elementor-widget elementor-widget-vc_cta\" data-id=\"79c0e26\" data-element_type=\"widget\" data-widget_type=\"vc_cta.default\">\n\t\t\t\t<div class=\"elementor-widget-container\">\n\t\t\t\t\t\n<div class=\"ce_cta ce_cta_e1a7f2a4d5bb2226eb31416d442db1f3 ce_text_left third_bg_color add_button_right btn_align_right btn_button_block_true btn_has_icon btn_has_icon_on_the_right\" id=\"\">\n\n    <div class=\"ce_cta__content\">\n        <div class=\"ce_cta__content__header\">\n            <h2  class='ce_cta__content__title'>Expertiza in Domenii Variate<\/h2>                    <\/div>\n\n        \n    <\/div>\n\n    \n        <div class=\"ce_cta__action\">\n            <a href=\"\/en\/contact\/\"\n                              target=\"_self\"\n               class=\"button\">\n                <span>Programeaza o intalnire<\/span>\n                                    <i class=\"fa fa-chevron-right\"><\/i>\n                            <\/a>\n        <\/div>\n\n    \n<\/div>\n\t\t\t\t<\/div>\n\t\t\t\t<\/div>\n\t\t\t\t\t<\/div>\n\t\t<\/div>\n\t\t\t\t\t<\/div>\n\t\t<\/section>\n\t\t\t\t<\/div>","protected":false},"excerpt":{"rendered":"<p>Vanzarea Proiectului fotovoltaic \u201cNanov Energy\u201c \u2013 cu o capacitate instalata in panouri fotovoltaice de 23,1 Mw pe o suprafata de 24,75 ha. Vanzarea Proiectului imobiliar \u201c Panduri Residence \u201c \u2013imobil cu o suprafata desfasurate de 6.500 mp, 96 apartamente. Vanzarea Proiectul imobiliar \u201c Da Vinci Residence \u201c \u2013 ansamblu de 3 imobile D+P+10 etaje cu<\/p>","protected":false},"author":1,"featured_media":0,"parent":0,"menu_order":0,"comment_status":"closed","ping_status":"closed","template":"elementor_header_footer","meta":{"footnotes":""},"class_list":["post-1535","page","type-page","status-publish","hentry"],"yoast_head":"<!-- This site is optimized with the Yoast SEO plugin v24.1 - https:\/\/yoast.com\/wordpress\/plugins\/seo\/ -->\n<title>Portofoliu - VIP Consulting<\/title>\n<meta name=\"description\" content=\"Exploreaz\u0103 portofoliul de proiecte al Vip Consulting SRL, de la M&amp;A la dezvoltare de produse \u0219i implementare Odoo. Descoper\u0103 cum am ajutat afacerile s\u0103 creasc\u0103 prin solu\u021bii personalizate \u0219i consultan\u021b\u0103 profesionist\u0103.\" \/>\n<meta name=\"robots\" content=\"index, follow, max-snippet:-1, max-image-preview:large, max-video-preview:-1\" \/>\n<link rel=\"canonical\" href=\"https:\/\/vipconsulting.ro\/en\/portofoliu-proiecte-vip-consulting-srl-studii-de-caz-si-succes\/\" \/>\n<meta property=\"og:locale\" content=\"en_GB\" \/>\n<meta property=\"og:type\" content=\"article\" \/>\n<meta property=\"og:title\" content=\"Portofoliu - VIP Consulting\" \/>\n<meta property=\"og:description\" content=\"Exploreaz\u0103 portofoliul de proiecte al Vip Consulting SRL, de la M&amp;A la dezvoltare de produse \u0219i implementare Odoo. Descoper\u0103 cum am ajutat afacerile s\u0103 creasc\u0103 prin solu\u021bii personalizate \u0219i consultan\u021b\u0103 profesionist\u0103.\" \/>\n<meta property=\"og:url\" content=\"https:\/\/vipconsulting.ro\/en\/portofoliu-proiecte-vip-consulting-srl-studii-de-caz-si-succes\/\" \/>\n<meta property=\"og:site_name\" content=\"VIP Consulting\" \/>\n<meta property=\"article:modified_time\" content=\"2025-01-09T08:05:00+00:00\" \/>\n<meta property=\"og:image\" content=\"http:\/\/vipconsulting.ro\/wp-content\/uploads\/2025\/01\/pexels-pixabay-356036-1-900x640.jpg\" \/>\n<meta name=\"twitter:card\" content=\"summary_large_image\" \/>\n<meta name=\"twitter:label1\" content=\"Estimated reading time\" \/>\n\t<meta name=\"twitter:data1\" content=\"2 minutes\" \/>\n<script type=\"application\/ld+json\" class=\"yoast-schema-graph\">{\"@context\":\"https:\/\/schema.org\",\"@graph\":[{\"@type\":\"WebPage\",\"@id\":\"https:\/\/vipconsulting.ro\/portofoliu-proiecte-vip-consulting-srl-studii-de-caz-si-succes\/\",\"url\":\"https:\/\/vipconsulting.ro\/portofoliu-proiecte-vip-consulting-srl-studii-de-caz-si-succes\/\",\"name\":\"Portofoliu - VIP Consulting\",\"isPartOf\":{\"@id\":\"https:\/\/vipconsulting.ro\/#website\"},\"primaryImageOfPage\":{\"@id\":\"https:\/\/vipconsulting.ro\/portofoliu-proiecte-vip-consulting-srl-studii-de-caz-si-succes\/#primaryimage\"},\"image\":{\"@id\":\"https:\/\/vipconsulting.ro\/portofoliu-proiecte-vip-consulting-srl-studii-de-caz-si-succes\/#primaryimage\"},\"thumbnailUrl\":\"http:\/\/vipconsulting.ro\/wp-content\/uploads\/2025\/01\/pexels-pixabay-356036-1-900x640.jpg\",\"datePublished\":\"2017-02-10T09:26:18+00:00\",\"dateModified\":\"2025-01-09T08:05:00+00:00\",\"description\":\"Exploreaz\u0103 portofoliul de proiecte al Vip Consulting SRL, de la M&A la dezvoltare de produse \u0219i implementare Odoo. Descoper\u0103 cum am ajutat afacerile s\u0103 creasc\u0103 prin solu\u021bii personalizate \u0219i consultan\u021b\u0103 profesionist\u0103.\",\"breadcrumb\":{\"@id\":\"https:\/\/vipconsulting.ro\/portofoliu-proiecte-vip-consulting-srl-studii-de-caz-si-succes\/#breadcrumb\"},\"inLanguage\":\"en-GB\",\"potentialAction\":[{\"@type\":\"ReadAction\",\"target\":[\"https:\/\/vipconsulting.ro\/portofoliu-proiecte-vip-consulting-srl-studii-de-caz-si-succes\/\"]}]},{\"@type\":\"ImageObject\",\"inLanguage\":\"en-GB\",\"@id\":\"https:\/\/vipconsulting.ro\/portofoliu-proiecte-vip-consulting-srl-studii-de-caz-si-succes\/#primaryimage\",\"url\":\"http:\/\/vipconsulting.ro\/wp-content\/uploads\/2025\/01\/pexels-pixabay-356036-1-900x640.jpg\",\"contentUrl\":\"http:\/\/vipconsulting.ro\/wp-content\/uploads\/2025\/01\/pexels-pixabay-356036-1-900x640.jpg\"},{\"@type\":\"BreadcrumbList\",\"@id\":\"https:\/\/vipconsulting.ro\/portofoliu-proiecte-vip-consulting-srl-studii-de-caz-si-succes\/#breadcrumb\",\"itemListElement\":[{\"@type\":\"ListItem\",\"position\":1,\"name\":\"Prima pagin\u0103\",\"item\":\"https:\/\/vipconsulting.ro\/\"},{\"@type\":\"ListItem\",\"position\":2,\"name\":\"Portofoliu\"}]},{\"@type\":\"WebSite\",\"@id\":\"https:\/\/vipconsulting.ro\/#website\",\"url\":\"https:\/\/vipconsulting.ro\/\",\"name\":\"VIP Consulting\",\"description\":\"vipconsulting\",\"potentialAction\":[{\"@type\":\"SearchAction\",\"target\":{\"@type\":\"EntryPoint\",\"urlTemplate\":\"https:\/\/vipconsulting.ro\/?s={search_term_string}\"},\"query-input\":{\"@type\":\"PropertyValueSpecification\",\"valueRequired\":true,\"valueName\":\"search_term_string\"}}],\"inLanguage\":\"en-GB\"}]}<\/script>\n<!-- \/ Yoast SEO plugin. -->","yoast_head_json":{"title":"Portofoliu - VIP Consulting","description":"Exploreaz\u0103 portofoliul de proiecte al Vip Consulting SRL, de la M&A la dezvoltare de produse \u0219i implementare Odoo. Descoper\u0103 cum am ajutat afacerile s\u0103 creasc\u0103 prin solu\u021bii personalizate \u0219i consultan\u021b\u0103 profesionist\u0103.","robots":{"index":"index","follow":"follow","max-snippet":"max-snippet:-1","max-image-preview":"max-image-preview:large","max-video-preview":"max-video-preview:-1"},"canonical":"https:\/\/vipconsulting.ro\/en\/portofoliu-proiecte-vip-consulting-srl-studii-de-caz-si-succes\/","og_locale":"en_GB","og_type":"article","og_title":"Portofoliu - VIP Consulting","og_description":"Exploreaz\u0103 portofoliul de proiecte al Vip Consulting SRL, de la M&A la dezvoltare de produse \u0219i implementare Odoo. Descoper\u0103 cum am ajutat afacerile s\u0103 creasc\u0103 prin solu\u021bii personalizate \u0219i consultan\u021b\u0103 profesionist\u0103.","og_url":"https:\/\/vipconsulting.ro\/en\/portofoliu-proiecte-vip-consulting-srl-studii-de-caz-si-succes\/","og_site_name":"VIP Consulting","article_modified_time":"2025-01-09T08:05:00+00:00","og_image":[{"url":"http:\/\/vipconsulting.ro\/wp-content\/uploads\/2025\/01\/pexels-pixabay-356036-1-900x640.jpg","type":"","width":"","height":""}],"twitter_card":"summary_large_image","twitter_misc":{"Estimated reading time":"2 minutes"},"schema":{"@context":"https:\/\/schema.org","@graph":[{"@type":"WebPage","@id":"https:\/\/vipconsulting.ro\/portofoliu-proiecte-vip-consulting-srl-studii-de-caz-si-succes\/","url":"https:\/\/vipconsulting.ro\/portofoliu-proiecte-vip-consulting-srl-studii-de-caz-si-succes\/","name":"Portofoliu - VIP Consulting","isPartOf":{"@id":"https:\/\/vipconsulting.ro\/#website"},"primaryImageOfPage":{"@id":"https:\/\/vipconsulting.ro\/portofoliu-proiecte-vip-consulting-srl-studii-de-caz-si-succes\/#primaryimage"},"image":{"@id":"https:\/\/vipconsulting.ro\/portofoliu-proiecte-vip-consulting-srl-studii-de-caz-si-succes\/#primaryimage"},"thumbnailUrl":"http:\/\/vipconsulting.ro\/wp-content\/uploads\/2025\/01\/pexels-pixabay-356036-1-900x640.jpg","datePublished":"2017-02-10T09:26:18+00:00","dateModified":"2025-01-09T08:05:00+00:00","description":"Exploreaz\u0103 portofoliul de proiecte al Vip Consulting SRL, de la M&A la dezvoltare de produse \u0219i implementare Odoo. Descoper\u0103 cum am ajutat afacerile s\u0103 creasc\u0103 prin solu\u021bii personalizate \u0219i consultan\u021b\u0103 profesionist\u0103.","breadcrumb":{"@id":"https:\/\/vipconsulting.ro\/portofoliu-proiecte-vip-consulting-srl-studii-de-caz-si-succes\/#breadcrumb"},"inLanguage":"en-GB","potentialAction":[{"@type":"ReadAction","target":["https:\/\/vipconsulting.ro\/portofoliu-proiecte-vip-consulting-srl-studii-de-caz-si-succes\/"]}]},{"@type":"ImageObject","inLanguage":"en-GB","@id":"https:\/\/vipconsulting.ro\/portofoliu-proiecte-vip-consulting-srl-studii-de-caz-si-succes\/#primaryimage","url":"http:\/\/vipconsulting.ro\/wp-content\/uploads\/2025\/01\/pexels-pixabay-356036-1-900x640.jpg","contentUrl":"http:\/\/vipconsulting.ro\/wp-content\/uploads\/2025\/01\/pexels-pixabay-356036-1-900x640.jpg"},{"@type":"BreadcrumbList","@id":"https:\/\/vipconsulting.ro\/portofoliu-proiecte-vip-consulting-srl-studii-de-caz-si-succes\/#breadcrumb","itemListElement":[{"@type":"ListItem","position":1,"name":"Prima pagin\u0103","item":"https:\/\/vipconsulting.ro\/"},{"@type":"ListItem","position":2,"name":"Portofoliu"}]},{"@type":"WebSite","@id":"https:\/\/vipconsulting.ro\/#website","url":"https:\/\/vipconsulting.ro\/","name":"VIP Consulting","description":"vipconsulting","potentialAction":[{"@type":"SearchAction","target":{"@type":"EntryPoint","urlTemplate":"https:\/\/vipconsulting.ro\/?s={search_term_string}"},"query-input":{"@type":"PropertyValueSpecification","valueRequired":true,"valueName":"search_term_string"}}],"inLanguage":"en-GB"}]}},"_links":{"self":[{"href":"https:\/\/vipconsulting.ro\/en\/wp-json\/wp\/v2\/pages\/1535","targetHints":{"allow":["GET"]}}],"collection":[{"href":"https:\/\/vipconsulting.ro\/en\/wp-json\/wp\/v2\/pages"}],"about":[{"href":"https:\/\/vipconsulting.ro\/en\/wp-json\/wp\/v2\/types\/page"}],"author":[{"embeddable":true,"href":"https:\/\/vipconsulting.ro\/en\/wp-json\/wp\/v2\/users\/1"}],"replies":[{"embeddable":true,"href":"https:\/\/vipconsulting.ro\/en\/wp-json\/wp\/v2\/comments?post=1535"}],"version-history":[{"count":17,"href":"https:\/\/vipconsulting.ro\/en\/wp-json\/wp\/v2\/pages\/1535\/revisions"}],"predecessor-version":[{"id":8004,"href":"https:\/\/vipconsulting.ro\/en\/wp-json\/wp\/v2\/pages\/1535\/revisions\/8004"}],"wp:attachment":[{"href":"https:\/\/vipconsulting.ro\/en\/wp-json\/wp\/v2\/media?parent=1535"}],"curies":[{"name":"wp","href":"https:\/\/api.w.org\/{rel}","templated":true}]}}